{"id":6007,"date":"2023-05-04T12:26:46","date_gmt":"2023-05-04T12:26:46","guid":{"rendered":"https:\/\/seagardengrado.com\/services\/"},"modified":"2024-09-20T09:50:10","modified_gmt":"2024-09-20T09:50:10","slug":"services","status":"publish","type":"page","link":"https:\/\/seagardengrado.com\/de\/services\/","title":{"rendered":"Services"},"content":{"rendered":"\t\t<div data-elementor-type=\"wp-page\" data-elementor-id=\"6007\" class=\"elementor elementor-6007 elementor-4661\">\n\t\t\t\t\t\t<section class=\"elementor-section elementor-top-section elementor-element elementor-element-55bc024 elementor-section-full_width qodef-elementor-content-grid elementor-section-height-default elementor-section-height-default\" data-id=\"55bc024\" data-element_type=\"section\" data-e-type=\"section\">\n\t\t\t\t\t\t<div class=\"elementor-container elementor-column-gap-no\">\n\t\t\t\t\t<div class=\"elementor-column elementor-col-100 elementor-top-column elementor-element elementor-element-5abf0b6\" data-id=\"5abf0b6\" data-element_type=\"column\" data-e-type=\"column\">\n\t\t\t<div class=\"elementor-widget-wrap elementor-element-populated\">\n\t\t\t\t\t\t<div class=\"elementor-element elementor-element-1522463 elementor-widget elementor-widget-alloggio_core_section_title\" data-id=\"1522463\" data-element_type=\"widget\" data-e-type=\"widget\" data-widget_type=\"alloggio_core_section_title.default\">\n\t\t\t\t<div class=\"elementor-widget-container\">\n\t\t\t\t\t<div class=\"qodef-shortcode qodef-m  qodef-section-title qodef-alignment--center\">\n\t\t<h2 class=\"qodef-m-title\" >\n\t\t\t\t\tUnsere Services f\u00fcr Ihren Urlaub in Grado\t\t\t<\/h2>\n\t<\/div>\t\t\t\t<\/div>\n\t\t\t\t<\/div>\n\t\t\t\t<div class=\"elementor-element elementor-element-163baa9 elementor-widget elementor-widget-text-editor\" data-id=\"163baa9\" data-element_type=\"widget\" data-e-type=\"widget\" data-widget_type=\"text-editor.default\">\n\t\t\t\t<div class=\"elementor-widget-container\">\n\t\t\t\t\t\t\t\t\t<p class=\"p1\">Wir m\u00f6chten Sie mit aller <b>Professionalit\u00e4t und Herzlichkeit empfangen<\/b>. Und um Ihren Aufenthalt unvergesslich zu machen, haben wir gedacht, Ihnen einige zus\u00e4tzliche Services zu bieten. <b>Wir stehen Ihnen<\/b> auch f\u00fcr Ratschl\u00e4ge und Empfehlungen, wie Sie Ihren Urlaub in Grado und der Umgebung auf die beste Weise verbringen k\u00f6nnen, vollumfassend zur Verf\u00fcgung.<\/p>\n\t\t\t\t\t\t\t\t<\/div>\n\t\t\t\t<\/div>\n\t\t\t\t\t<\/div>\n\t\t<\/div>\n\t\t\t\t\t<\/div>\n\t\t<\/section>\n\t\t\t\t<section class=\"elementor-section elementor-top-section elementor-element elementor-element-e59721f elementor-section-full_width qodef-elementor-content-grid elementor-section-height-default elementor-section-height-default\" data-id=\"e59721f\" data-element_type=\"section\" data-e-type=\"section\" data-settings=\"{&quot;background_background&quot;:&quot;classic&quot;}\">\n\t\t\t\t\t\t\t<div class=\"elementor-background-overlay\"><\/div>\n\t\t\t\t\t\t\t<div class=\"elementor-container elementor-column-gap-no\">\n\t\t\t\t\t<div class=\"elementor-column elementor-col-33 elementor-top-column elementor-element elementor-element-bf8a62a\" data-id=\"bf8a62a\" data-element_type=\"column\" data-e-type=\"column\">\n\t\t\t<div class=\"elementor-widget-wrap elementor-element-populated\">\n\t\t\t\t\t\t<div class=\"elementor-element elementor-element-0b5c94c elementor-widget elementor-widget-alloggio_core_image_with_text\" data-id=\"0b5c94c\" data-element_type=\"widget\" data-e-type=\"widget\" data-widget_type=\"alloggio_core_image_with_text.default\">\n\t\t\t\t<div class=\"elementor-widget-container\">\n\t\t\t\t\t<div class=\"qodef-shortcode qodef-m  qodef-image-with-text qodef-layout--text-below  \">\n\t<div class=\"qodef-m-image\">\n\t\t\t\t\t\t\t\t\t<img fetchpriority=\"high\" decoding=\"async\" width=\"1920\" height=\"1280\" src=\"https:\/\/seagardengrado.com\/wp-content\/uploads\/2023\/06\/seagarden-colazione.jpg\" class=\"qodef-e-main-image\" alt=\"\" srcset=\"https:\/\/seagardengrado.com\/wp-content\/uploads\/2023\/06\/seagarden-colazione.jpg 1920w, https:\/\/seagardengrado.com\/wp-content\/uploads\/2023\/06\/seagarden-colazione-300x200.jpg 300w, https:\/\/seagardengrado.com\/wp-content\/uploads\/2023\/06\/seagarden-colazione-1024x683.jpg 1024w, https:\/\/seagardengrado.com\/wp-content\/uploads\/2023\/06\/seagarden-colazione-768x512.jpg 768w, https:\/\/seagardengrado.com\/wp-content\/uploads\/2023\/06\/seagarden-colazione-1536x1024.jpg 1536w, https:\/\/seagardengrado.com\/wp-content\/uploads\/2023\/06\/seagarden-colazione-600x400.jpg 600w\" sizes=\"(max-width: 1920px) 100vw, 1920px\" \/>\t\t\t\t\t\t\t\t\t<\/div>\t<div class=\"qodef-m-content\">\n\t\t\t<h3 class=\"qodef-m-title\" style=\"margin-top: 30px\">\n\t\t\t\t\tDas Fr\u00fchst\u00fcck\t\t\t<\/h3>\n\t\t\t<p class=\"qodef-m-text\" style=\"margin-top: 19px\">Um jeden Tag gut zu beginnen, gibt es nichts Besseres, als unser Fr\u00fchst\u00fcck zu probieren, das in der Bar Manzoni im Erdgeschoss des Geb\u00e4udes, in dem sich die Zimmer befinden, serviert wird.\nGenau gegen\u00fcber dem kleinen Hafen von Grado erwartet Sie ein s\u00fc\u00dfes oder salziges Fr\u00fchst\u00fcck. Hier k\u00f6nnen Sie\nsich Ei und Schinken oder Toast (normal oder vegetarisch) sowie Brioche, frisch gepressten Saft,\nCappuccino oder Kaffee schmecken lassen.<\/p>\n\t<\/div>\n<\/div>\t\t\t\t<\/div>\n\t\t\t\t<\/div>\n\t\t\t\t\t<\/div>\n\t\t<\/div>\n\t\t\t\t<div class=\"elementor-column elementor-col-33 elementor-top-column elementor-element elementor-element-4a15b42\" data-id=\"4a15b42\" data-element_type=\"column\" data-e-type=\"column\">\n\t\t\t<div class=\"elementor-widget-wrap elementor-element-populated\">\n\t\t\t\t\t\t<div class=\"elementor-element elementor-element-5fabb59 elementor-widget elementor-widget-alloggio_core_image_with_text\" data-id=\"5fabb59\" data-element_type=\"widget\" data-e-type=\"widget\" data-widget_type=\"alloggio_core_image_with_text.default\">\n\t\t\t\t<div class=\"elementor-widget-container\">\n\t\t\t\t\t<div class=\"qodef-shortcode qodef-m  qodef-image-with-text qodef-layout--text-below qodef--has-shadow \">\n\t<div class=\"qodef-m-image\">\n\t\t\t\t\t\t\t\t\t<img decoding=\"async\" width=\"1920\" height=\"1280\" src=\"https:\/\/seagardengrado.com\/wp-content\/uploads\/2023\/06\/seagarden-parcheggio.jpg\" class=\"qodef-e-main-image\" alt=\"\" srcset=\"https:\/\/seagardengrado.com\/wp-content\/uploads\/2023\/06\/seagarden-parcheggio.jpg 1920w, https:\/\/seagardengrado.com\/wp-content\/uploads\/2023\/06\/seagarden-parcheggio-300x200.jpg 300w, https:\/\/seagardengrado.com\/wp-content\/uploads\/2023\/06\/seagarden-parcheggio-1024x683.jpg 1024w, https:\/\/seagardengrado.com\/wp-content\/uploads\/2023\/06\/seagarden-parcheggio-768x512.jpg 768w, https:\/\/seagardengrado.com\/wp-content\/uploads\/2023\/06\/seagarden-parcheggio-1536x1024.jpg 1536w, https:\/\/seagardengrado.com\/wp-content\/uploads\/2023\/06\/seagarden-parcheggio-600x400.jpg 600w\" sizes=\"(max-width: 1920px) 100vw, 1920px\" \/>\t\t\t\t\t\t\t\t\t<\/div>\t<div class=\"qodef-m-content\">\n\t\t\t<h3 class=\"qodef-m-title\" style=\"margin-top: 30px\">\n\t\t\t\t\tDer Parkplatz\t\t\t<\/h3>\n\t\t\t<p class=\"qodef-m-text\" style=\"margin-top: 19px\">Auf der Insel Grado gibt es nur wenige Parkpl\u00e4tze. Aus diesem Grund haben wir gedacht, dass wir allen,\ndie zu uns mit dem Auto kommen, die anstrengende Parkplatzsucherei ersparen.\n\nNur in den Sommermonaten Mai September, f\u00fcr unsere G\u00e4ste steht 80\u00a0Meter entfernt von Sea Garden \u2013 Apartments &amp; Rooms ein Parkplatz zur Verf\u00fcgung.\nParkplatz ist nicht im Preis inbegriffen.<\/p>\n\t<\/div>\n<\/div>\t\t\t\t<\/div>\n\t\t\t\t<\/div>\n\t\t\t\t\t<\/div>\n\t\t<\/div>\n\t\t\t\t<div class=\"elementor-column elementor-col-33 elementor-top-column elementor-element elementor-element-87c810e\" data-id=\"87c810e\" data-element_type=\"column\" data-e-type=\"column\">\n\t\t\t<div class=\"elementor-widget-wrap elementor-element-populated\">\n\t\t\t\t\t\t<div class=\"elementor-element elementor-element-68616a9 elementor-widget elementor-widget-alloggio_core_image_with_text\" data-id=\"68616a9\" data-element_type=\"widget\" data-e-type=\"widget\" data-widget_type=\"alloggio_core_image_with_text.default\">\n\t\t\t\t<div class=\"elementor-widget-container\">\n\t\t\t\t\t<div class=\"qodef-shortcode qodef-m  qodef-image-with-text qodef-layout--text-below qodef--has-shadow \">\n\t<div class=\"qodef-m-image\">\n\t\t\t\t\t\t\t\t\t<img decoding=\"async\" width=\"1920\" height=\"1280\" src=\"https:\/\/seagardengrado.com\/wp-content\/uploads\/2023\/06\/seagarden-barca1.jpg\" class=\"qodef-e-main-image\" alt=\"\" srcset=\"https:\/\/seagardengrado.com\/wp-content\/uploads\/2023\/06\/seagarden-barca1.jpg 1920w, https:\/\/seagardengrado.com\/wp-content\/uploads\/2023\/06\/seagarden-barca1-300x200.jpg 300w, https:\/\/seagardengrado.com\/wp-content\/uploads\/2023\/06\/seagarden-barca1-1024x683.jpg 1024w, https:\/\/seagardengrado.com\/wp-content\/uploads\/2023\/06\/seagarden-barca1-768x512.jpg 768w, https:\/\/seagardengrado.com\/wp-content\/uploads\/2023\/06\/seagarden-barca1-1536x1024.jpg 1536w, https:\/\/seagardengrado.com\/wp-content\/uploads\/2023\/06\/seagarden-barca1-600x400.jpg 600w\" sizes=\"(max-width: 1920px) 100vw, 1920px\" \/>\t\t\t\t\t\t\t\t\t<\/div>\t<div class=\"qodef-m-content\">\n\t\t\t<h3 class=\"qodef-m-title\" style=\"margin-top: 30px\">\n\t\t\t\t\tPrivatboot-Verleih\t\t\t<\/h3>\n\t\t\t<p class=\"qodef-m-text\" style=\"margin-top: 19px\">Es ist herrlich, Grado und seine Lagune per Boot zu erkunden. Nichts ist sch\u00f6ner, als\ndiese Erfahrung in Eigeninitiative mit dem Mieten eines Bootes zu machen.\nnur in den Sommermonaten Mai September, dank einer Sondervereinbarung kommen unsere G\u00e4ste in den Genuss eines 10\u00a0%-igen Rabattes f\u00fcr das Mieten\neines kleinen Bootes, das man ohne Bootsf\u00fchrerschein fahren kann.<\/p>\n\t<\/div>\n<\/div>\t\t\t\t<\/div>\n\t\t\t\t<\/div>\n\t\t\t\t\t<\/div>\n\t\t<\/div>\n\t\t\t\t\t<\/div>\n\t\t<\/section>\n\t\t\t\t<section class=\"elementor-section elementor-top-section elementor-element elementor-element-e7822b0 elementor-section-full_width qodef-elementor-content-grid elementor-section-height-default elementor-section-height-default\" data-id=\"e7822b0\" data-element_type=\"section\" data-e-type=\"section\" data-settings=\"{&quot;background_background&quot;:&quot;classic&quot;}\">\n\t\t\t\t\t\t\t<div class=\"elementor-background-overlay\"><\/div>\n\t\t\t\t\t\t\t<div class=\"elementor-container elementor-column-gap-no\">\n\t\t\t\t\t<div class=\"elementor-column elementor-col-50 elementor-top-column elementor-element elementor-element-9ebdadb\" data-id=\"9ebdadb\" data-element_type=\"column\" data-e-type=\"column\">\n\t\t\t<div class=\"elementor-widget-wrap elementor-element-populated\">\n\t\t\t\t\t\t<div class=\"elementor-element elementor-element-87992e6 elementor-widget elementor-widget-alloggio_core_image_with_text\" data-id=\"87992e6\" data-element_type=\"widget\" data-e-type=\"widget\" data-widget_type=\"alloggio_core_image_with_text.default\">\n\t\t\t\t<div class=\"elementor-widget-container\">\n\t\t\t\t\t<div class=\"qodef-shortcode qodef-m  qodef-image-with-text qodef-layout--text-below  \">\n\t<div class=\"qodef-m-image\">\n\t\t\t\t\t\t\t\t\t<img loading=\"lazy\" decoding=\"async\" width=\"1920\" height=\"1280\" src=\"https:\/\/seagardengrado.com\/wp-content\/uploads\/2023\/06\/seagarden-bici.jpg\" class=\"qodef-e-main-image\" alt=\"\" srcset=\"https:\/\/seagardengrado.com\/wp-content\/uploads\/2023\/06\/seagarden-bici.jpg 1920w, https:\/\/seagardengrado.com\/wp-content\/uploads\/2023\/06\/seagarden-bici-300x200.jpg 300w, https:\/\/seagardengrado.com\/wp-content\/uploads\/2023\/06\/seagarden-bici-1024x683.jpg 1024w, https:\/\/seagardengrado.com\/wp-content\/uploads\/2023\/06\/seagarden-bici-768x512.jpg 768w, https:\/\/seagardengrado.com\/wp-content\/uploads\/2023\/06\/seagarden-bici-1536x1024.jpg 1536w, https:\/\/seagardengrado.com\/wp-content\/uploads\/2023\/06\/seagarden-bici-600x400.jpg 600w\" sizes=\"(max-width: 1920px) 100vw, 1920px\" \/>\t\t\t\t\t\t\t\t\t<\/div>\t<div class=\"qodef-m-content\">\n\t\t\t<h3 class=\"qodef-m-title\" style=\"margin-top: 30px\">\n\t\t\t\t\tFahrrad-Verleih\t\t\t<\/h3>\n\t\t\t<p class=\"qodef-m-text\" style=\"margin-top: 19px\">Die Umgebung von Grado ist ideal, um mit dem Fahrrad erkundet zu werden, nicht zuletzt wegen der zahlreichen in der Gegend vorhandenen Fahrradwege. Der Fahrradverleih Mauro Bike befindet sich nur wenige Meter von Sea Garden \u2013 Apartments &amp; Rooms entfernt.\u00a0Es ist m\u00f6glich, jede Art von Fahrrad zu mieten: von Mountain-Bikes bis E-Bikes\u00a0\u2013 f\u00fcr einen perfekten Tag auf zwei R\u00e4dern. Es gibt auch einen Platz im Innenbereich, wo Sie Ihr Fahrrad sicher abstellen k\u00f6nnen.<\/p>\n\t<\/div>\n<\/div>\t\t\t\t<\/div>\n\t\t\t\t<\/div>\n\t\t\t\t\t<\/div>\n\t\t<\/div>\n\t\t\t\t<div class=\"elementor-column elementor-col-50 elementor-top-column elementor-element elementor-element-b53d4a3\" data-id=\"b53d4a3\" data-element_type=\"column\" data-e-type=\"column\">\n\t\t\t<div class=\"elementor-widget-wrap elementor-element-populated\">\n\t\t\t\t\t\t<div class=\"elementor-element elementor-element-9130bb6 elementor-widget elementor-widget-alloggio_core_image_with_text\" data-id=\"9130bb6\" data-element_type=\"widget\" data-e-type=\"widget\" data-widget_type=\"alloggio_core_image_with_text.default\">\n\t\t\t\t<div class=\"elementor-widget-container\">\n\t\t\t\t\t<div class=\"qodef-shortcode qodef-m  qodef-image-with-text qodef-layout--text-below  \">\n\t<div class=\"qodef-m-image\">\n\t\t\t\t\t\t\t\t\t<img loading=\"lazy\" decoding=\"async\" width=\"1920\" height=\"1280\" src=\"https:\/\/seagardengrado.com\/wp-content\/uploads\/2023\/06\/seagarden-escursione1.jpg\" class=\"qodef-e-main-image\" alt=\"\" srcset=\"https:\/\/seagardengrado.com\/wp-content\/uploads\/2023\/06\/seagarden-escursione1.jpg 1920w, https:\/\/seagardengrado.com\/wp-content\/uploads\/2023\/06\/seagarden-escursione1-300x200.jpg 300w, https:\/\/seagardengrado.com\/wp-content\/uploads\/2023\/06\/seagarden-escursione1-1024x683.jpg 1024w, https:\/\/seagardengrado.com\/wp-content\/uploads\/2023\/06\/seagarden-escursione1-768x512.jpg 768w, https:\/\/seagardengrado.com\/wp-content\/uploads\/2023\/06\/seagarden-escursione1-1536x1024.jpg 1536w, https:\/\/seagardengrado.com\/wp-content\/uploads\/2023\/06\/seagarden-escursione1-600x400.jpg 600w\" sizes=\"(max-width: 1920px) 100vw, 1920px\" \/>\t\t\t\t\t\t\t\t\t<\/div>\t<div class=\"qodef-m-content\">\n\t\t\t<h3 class=\"qodef-m-title\" style=\"margin-top: 30px\">\n\t\t\t\t\tAusfl\u00fcge in die Umgebung\t\t\t<\/h3>\n\t\t\t<p class=\"qodef-m-text\" style=\"margin-top: 19px\">Unser Personal steht Ihnen zur Verf\u00fcgung, um Ihnen Empfehlungen f\u00fcr Ausfl\u00fcge in Grado und seine Umgebung zu geben.\nVom einfachen Besuch des wundersch\u00f6nen historischen Stadtzentrums bis zu Ausfl\u00fcgen im Boot in die Lagune oder\nzur Insel Barbana, vom Ausflug zur Insel Cona bis zur Besichtigung der historisch-k\u00fcnstlerischen Meisterwerke der\nnahegelegenen Stadt Aquileia: Grado und die Gegend um Grado bieten Sehensw\u00fcrdigkeiten und Freizeitaktivit\u00e4ten rund ums Jahr.<\/p>\n\t<\/div>\n<\/div>\t\t\t\t<\/div>\n\t\t\t\t<\/div>\n\t\t\t\t\t<\/div>\n\t\t<\/div>\n\t\t\t\t\t<\/div>\n\t\t<\/section>\n\t\t\t\t<section class=\"elementor-section elementor-top-section elementor-element elementor-element-10558fc elementor-section-full_width elementor-section-height-default elementor-section-height-default qodef-elementor-content-no\" data-id=\"10558fc\" data-element_type=\"section\" data-e-type=\"section\" data-settings=\"{&quot;background_background&quot;:&quot;classic&quot;}\">\n\t\t\t\t\t\t<div class=\"elementor-container elementor-column-gap-default\">\n\t\t\t\t\t<div class=\"elementor-column elementor-col-100 elementor-top-column elementor-element elementor-element-3900efd\" data-id=\"3900efd\" data-element_type=\"column\" data-e-type=\"column\">\n\t\t\t<div class=\"elementor-widget-wrap elementor-element-populated\">\n\t\t\t\t\t\t<div class=\"elementor-element elementor-element-1aa9b85 elementor-widget elementor-widget-heading\" data-id=\"1aa9b85\" data-element_type=\"widget\" data-e-type=\"widget\" data-widget_type=\"heading.default\">\n\t\t\t\t<div class=\"elementor-widget-container\">\n\t\t\t\t\t<h3 class=\"elementor-heading-title elementor-size-default\">Informationen und Buchung<\/h3>\t\t\t\t<\/div>\n\t\t\t\t<\/div>\n\t\t\t\t\t<\/div>\n\t\t<\/div>\n\t\t\t\t\t<\/div>\n\t\t<\/section>\n\t\t\t\t<\/div>\n\t\t","protected":false},"excerpt":{"rendered":"<p>Unsere Services f\u00fcr Ihren Urlaub in Grado Wir m\u00f6chten Sie mit aller Professionalit\u00e4t und Herzlichkeit empfangen. Und um Ihren Aufenthalt unvergesslich zu machen, haben wir gedacht, Ihnen einige zus\u00e4tzliche Services zu bieten. Wir stehen Ihnen auch f\u00fcr Ratschl\u00e4ge und Empfehlungen, wie Sie Ihren Urlaub in Grado und der Umgebung auf die beste Weise verbringen k\u00f6nnen, [&hellip;]<\/p>\n","protected":false},"author":1,"featured_media":0,"parent":0,"menu_order":0,"comment_status":"closed","ping_status":"closed","template":"page-full-width.php","meta":{"footnotes":""},"class_list":["post-6007","page","type-page","status-publish","hentry"],"yoast_head":"<!-- This site is optimized with the Yoast SEO plugin v27.4 - https:\/\/yoast.com\/product\/yoast-seo-wordpress\/ -->\n<title>Services - Sea Garden - Apartments &amp; Room - Affitta Camere a Grado<\/title>\n<meta name=\"robots\" content=\"index, follow, max-snippet:-1, max-image-preview:large, max-video-preview:-1\" \/>\n<link rel=\"canonical\" href=\"https:\/\/seagardengrado.com\/de\/services\/\" \/>\n<meta property=\"og:locale\" content=\"de_DE\" \/>\n<meta property=\"og:type\" content=\"article\" \/>\n<meta property=\"og:title\" content=\"Services - Sea Garden - Apartments &amp; Room - Affitta Camere a Grado\" \/>\n<meta property=\"og:description\" content=\"Unsere Services f\u00fcr Ihren Urlaub in Grado Wir m\u00f6chten Sie mit aller Professionalit\u00e4t und Herzlichkeit empfangen. Und um Ihren Aufenthalt unvergesslich zu machen, haben wir gedacht, Ihnen einige zus\u00e4tzliche Services zu bieten. Wir stehen Ihnen auch f\u00fcr Ratschl\u00e4ge und Empfehlungen, wie Sie Ihren Urlaub in Grado und der Umgebung auf die beste Weise verbringen k\u00f6nnen, [&hellip;]\" \/>\n<meta property=\"og:url\" content=\"https:\/\/seagardengrado.com\/de\/services\/\" \/>\n<meta property=\"og:site_name\" content=\"Sea Garden - Apartments &amp; Room - Affitta Camere a Grado\" \/>\n<meta property=\"article:publisher\" content=\"https:\/\/www.facebook.com\/seagarden.grado\" \/>\n<meta property=\"article:modified_time\" content=\"2024-09-20T09:50:10+00:00\" \/>\n<meta property=\"og:image\" content=\"https:\/\/seagardengrado.com\/wp-content\/uploads\/2023\/06\/seagarden-colazione.jpg\" \/>\n<meta name=\"twitter:card\" content=\"summary_large_image\" \/>\n<meta name=\"twitter:label1\" content=\"Gesch\u00e4tzte Lesezeit\" \/>\n\t<meta name=\"twitter:data1\" content=\"4\u00a0Minuten\" \/>\n<script type=\"application\/ld+json\" class=\"yoast-schema-graph\">{\"@context\":\"https:\\\/\\\/schema.org\",\"@graph\":[{\"@type\":\"WebPage\",\"@id\":\"https:\\\/\\\/seagardengrado.com\\\/de\\\/services\\\/\",\"url\":\"https:\\\/\\\/seagardengrado.com\\\/de\\\/services\\\/\",\"name\":\"Services - Sea Garden - Apartments &amp; Room - Affitta Camere a Grado\",\"isPartOf\":{\"@id\":\"https:\\\/\\\/seagardengrado.com\\\/#website\"},\"primaryImageOfPage\":{\"@id\":\"https:\\\/\\\/seagardengrado.com\\\/de\\\/services\\\/#primaryimage\"},\"image\":{\"@id\":\"https:\\\/\\\/seagardengrado.com\\\/de\\\/services\\\/#primaryimage\"},\"thumbnailUrl\":\"https:\\\/\\\/seagardengrado.com\\\/wp-content\\\/uploads\\\/2023\\\/06\\\/seagarden-colazione.jpg\",\"datePublished\":\"2023-05-04T12:26:46+00:00\",\"dateModified\":\"2024-09-20T09:50:10+00:00\",\"breadcrumb\":{\"@id\":\"https:\\\/\\\/seagardengrado.com\\\/de\\\/services\\\/#breadcrumb\"},\"inLanguage\":\"de\",\"potentialAction\":[{\"@type\":\"ReadAction\",\"target\":[\"https:\\\/\\\/seagardengrado.com\\\/de\\\/services\\\/\"]}]},{\"@type\":\"ImageObject\",\"inLanguage\":\"de\",\"@id\":\"https:\\\/\\\/seagardengrado.com\\\/de\\\/services\\\/#primaryimage\",\"url\":\"https:\\\/\\\/seagardengrado.com\\\/wp-content\\\/uploads\\\/2023\\\/06\\\/seagarden-colazione.jpg\",\"contentUrl\":\"https:\\\/\\\/seagardengrado.com\\\/wp-content\\\/uploads\\\/2023\\\/06\\\/seagarden-colazione.jpg\"},{\"@type\":\"BreadcrumbList\",\"@id\":\"https:\\\/\\\/seagardengrado.com\\\/de\\\/services\\\/#breadcrumb\",\"itemListElement\":[{\"@type\":\"ListItem\",\"position\":1,\"name\":\"Home\",\"item\":\"https:\\\/\\\/seagardengrado.com\\\/\"},{\"@type\":\"ListItem\",\"position\":2,\"name\":\"Services\"}]},{\"@type\":\"WebSite\",\"@id\":\"https:\\\/\\\/seagardengrado.com\\\/#website\",\"url\":\"https:\\\/\\\/seagardengrado.com\\\/\",\"name\":\"Sea Garden - Apartments e Room a Grado\",\"description\":\"Per un soggiorno unico e indimenticabile a Grado\",\"publisher\":{\"@id\":\"https:\\\/\\\/seagardengrado.com\\\/#organization\"},\"potentialAction\":[{\"@type\":\"SearchAction\",\"target\":{\"@type\":\"EntryPoint\",\"urlTemplate\":\"https:\\\/\\\/seagardengrado.com\\\/?s={search_term_string}\"},\"query-input\":{\"@type\":\"PropertyValueSpecification\",\"valueRequired\":true,\"valueName\":\"search_term_string\"}}],\"inLanguage\":\"de\"},{\"@type\":\"Organization\",\"@id\":\"https:\\\/\\\/seagardengrado.com\\\/#organization\",\"name\":\"Sea Garden - Apartments e Room a Grado\",\"url\":\"https:\\\/\\\/seagardengrado.com\\\/\",\"logo\":{\"@type\":\"ImageObject\",\"inLanguage\":\"de\",\"@id\":\"https:\\\/\\\/seagardengrado.com\\\/#\\\/schema\\\/logo\\\/image\\\/\",\"url\":\"https:\\\/\\\/seagardengrado.com\\\/wp-content\\\/uploads\\\/2023\\\/05\\\/favicon-seagarden.png\",\"contentUrl\":\"https:\\\/\\\/seagardengrado.com\\\/wp-content\\\/uploads\\\/2023\\\/05\\\/favicon-seagarden.png\",\"width\":699,\"height\":698,\"caption\":\"Sea Garden - Apartments e Room a Grado\"},\"image\":{\"@id\":\"https:\\\/\\\/seagardengrado.com\\\/#\\\/schema\\\/logo\\\/image\\\/\"},\"sameAs\":[\"https:\\\/\\\/www.facebook.com\\\/seagarden.grado\",\"https:\\\/\\\/www.instagram.com\\\/seagarden.grado\\\/\"]}]}<\/script>\n<!-- \/ Yoast SEO plugin. -->","yoast_head_json":{"title":"Services - Sea Garden - Apartments &amp; Room - Affitta Camere a Grado","robots":{"index":"index","follow":"follow","max-snippet":"max-snippet:-1","max-image-preview":"max-image-preview:large","max-video-preview":"max-video-preview:-1"},"canonical":"https:\/\/seagardengrado.com\/de\/services\/","og_locale":"de_DE","og_type":"article","og_title":"Services - Sea Garden - Apartments &amp; Room - Affitta Camere a Grado","og_description":"Unsere Services f\u00fcr Ihren Urlaub in Grado Wir m\u00f6chten Sie mit aller Professionalit\u00e4t und Herzlichkeit empfangen. Und um Ihren Aufenthalt unvergesslich zu machen, haben wir gedacht, Ihnen einige zus\u00e4tzliche Services zu bieten. Wir stehen Ihnen auch f\u00fcr Ratschl\u00e4ge und Empfehlungen, wie Sie Ihren Urlaub in Grado und der Umgebung auf die beste Weise verbringen k\u00f6nnen, [&hellip;]","og_url":"https:\/\/seagardengrado.com\/de\/services\/","og_site_name":"Sea Garden - Apartments &amp; Room - Affitta Camere a Grado","article_publisher":"https:\/\/www.facebook.com\/seagarden.grado","article_modified_time":"2024-09-20T09:50:10+00:00","og_image":[{"url":"https:\/\/seagardengrado.com\/wp-content\/uploads\/2023\/06\/seagarden-colazione.jpg","type":"","width":"","height":""}],"twitter_card":"summary_large_image","twitter_misc":{"Gesch\u00e4tzte Lesezeit":"4\u00a0Minuten"},"schema":{"@context":"https:\/\/schema.org","@graph":[{"@type":"WebPage","@id":"https:\/\/seagardengrado.com\/de\/services\/","url":"https:\/\/seagardengrado.com\/de\/services\/","name":"Services - Sea Garden - Apartments &amp; Room - Affitta Camere a Grado","isPartOf":{"@id":"https:\/\/seagardengrado.com\/#website"},"primaryImageOfPage":{"@id":"https:\/\/seagardengrado.com\/de\/services\/#primaryimage"},"image":{"@id":"https:\/\/seagardengrado.com\/de\/services\/#primaryimage"},"thumbnailUrl":"https:\/\/seagardengrado.com\/wp-content\/uploads\/2023\/06\/seagarden-colazione.jpg","datePublished":"2023-05-04T12:26:46+00:00","dateModified":"2024-09-20T09:50:10+00:00","breadcrumb":{"@id":"https:\/\/seagardengrado.com\/de\/services\/#breadcrumb"},"inLanguage":"de","potentialAction":[{"@type":"ReadAction","target":["https:\/\/seagardengrado.com\/de\/services\/"]}]},{"@type":"ImageObject","inLanguage":"de","@id":"https:\/\/seagardengrado.com\/de\/services\/#primaryimage","url":"https:\/\/seagardengrado.com\/wp-content\/uploads\/2023\/06\/seagarden-colazione.jpg","contentUrl":"https:\/\/seagardengrado.com\/wp-content\/uploads\/2023\/06\/seagarden-colazione.jpg"},{"@type":"BreadcrumbList","@id":"https:\/\/seagardengrado.com\/de\/services\/#breadcrumb","itemListElement":[{"@type":"ListItem","position":1,"name":"Home","item":"https:\/\/seagardengrado.com\/"},{"@type":"ListItem","position":2,"name":"Services"}]},{"@type":"WebSite","@id":"https:\/\/seagardengrado.com\/#website","url":"https:\/\/seagardengrado.com\/","name":"Sea Garden - Apartments e Room a Grado","description":"Per un soggiorno unico e indimenticabile a Grado","publisher":{"@id":"https:\/\/seagardengrado.com\/#organization"},"potentialAction":[{"@type":"SearchAction","target":{"@type":"EntryPoint","urlTemplate":"https:\/\/seagardengrado.com\/?s={search_term_string}"},"query-input":{"@type":"PropertyValueSpecification","valueRequired":true,"valueName":"search_term_string"}}],"inLanguage":"de"},{"@type":"Organization","@id":"https:\/\/seagardengrado.com\/#organization","name":"Sea Garden - Apartments e Room a Grado","url":"https:\/\/seagardengrado.com\/","logo":{"@type":"ImageObject","inLanguage":"de","@id":"https:\/\/seagardengrado.com\/#\/schema\/logo\/image\/","url":"https:\/\/seagardengrado.com\/wp-content\/uploads\/2023\/05\/favicon-seagarden.png","contentUrl":"https:\/\/seagardengrado.com\/wp-content\/uploads\/2023\/05\/favicon-seagarden.png","width":699,"height":698,"caption":"Sea Garden - Apartments e Room a Grado"},"image":{"@id":"https:\/\/seagardengrado.com\/#\/schema\/logo\/image\/"},"sameAs":["https:\/\/www.facebook.com\/seagarden.grado","https:\/\/www.instagram.com\/seagarden.grado\/"]}]}},"_links":{"self":[{"href":"https:\/\/seagardengrado.com\/de\/wp-json\/wp\/v2\/pages\/6007","targetHints":{"allow":["GET"]}}],"collection":[{"href":"https:\/\/seagardengrado.com\/de\/wp-json\/wp\/v2\/pages"}],"about":[{"href":"https:\/\/seagardengrado.com\/de\/wp-json\/wp\/v2\/types\/page"}],"author":[{"embeddable":true,"href":"https:\/\/seagardengrado.com\/de\/wp-json\/wp\/v2\/users\/1"}],"replies":[{"embeddable":true,"href":"https:\/\/seagardengrado.com\/de\/wp-json\/wp\/v2\/comments?post=6007"}],"version-history":[{"count":22,"href":"https:\/\/seagardengrado.com\/de\/wp-json\/wp\/v2\/pages\/6007\/revisions"}],"predecessor-version":[{"id":6564,"href":"https:\/\/seagardengrado.com\/de\/wp-json\/wp\/v2\/pages\/6007\/revisions\/6564"}],"wp:attachment":[{"href":"https:\/\/seagardengrado.com\/de\/wp-json\/wp\/v2\/media?parent=6007"}],"curies":[{"name":"wp","href":"https:\/\/api.w.org\/{rel}","templated":true}]}}