{"id":6009,"date":"2023-05-04T12:30:08","date_gmt":"2023-05-04T12:30:08","guid":{"rendered":"https:\/\/seagardengrado.com\/die-gegend\/"},"modified":"2023-07-21T15:06:16","modified_gmt":"2023-07-21T15:06:16","slug":"die-gegend","status":"publish","type":"page","link":"https:\/\/seagardengrado.com\/de\/die-gegend\/","title":{"rendered":"Die Gegend"},"content":{"rendered":"\t\t<div data-elementor-type=\"wp-page\" data-elementor-id=\"6009\" class=\"elementor elementor-6009 elementor-4663\">\n\t\t\t\t\t\t<section class=\"elementor-section elementor-top-section elementor-element elementor-element-89d494d elementor-section-full_width qodef-elementor-content-grid elementor-section-height-default elementor-section-height-default\" data-id=\"89d494d\" data-element_type=\"section\" data-e-type=\"section\">\n\t\t\t\t\t\t<div class=\"elementor-container elementor-column-gap-no\">\n\t\t\t\t\t<div class=\"elementor-column elementor-col-33 elementor-top-column elementor-element elementor-element-8b609be\" data-id=\"8b609be\" data-element_type=\"column\" data-e-type=\"column\">\n\t\t\t<div class=\"elementor-widget-wrap elementor-element-populated\">\n\t\t\t\t\t\t<div class=\"elementor-element elementor-element-fd35d10 elementor-widget elementor-widget-heading\" data-id=\"fd35d10\" data-element_type=\"widget\" data-e-type=\"widget\" data-widget_type=\"heading.default\">\n\t\t\t\t<div class=\"elementor-widget-container\">\n\t\t\t\t\t<h2 class=\"elementor-heading-title elementor-size-default\">Die einzigartige Umgebung von Grado <\/h2>\t\t\t\t<\/div>\n\t\t\t\t<\/div>\n\t\t\t\t\t<\/div>\n\t\t<\/div>\n\t\t\t\t<div class=\"elementor-column elementor-col-66 elementor-top-column elementor-element elementor-element-f0df83e\" data-id=\"f0df83e\" data-element_type=\"column\" data-e-type=\"column\">\n\t\t\t<div class=\"elementor-widget-wrap elementor-element-populated\">\n\t\t\t\t\t\t<div class=\"elementor-element elementor-element-687afa9 elementor-widget elementor-widget-text-editor\" data-id=\"687afa9\" data-element_type=\"widget\" data-e-type=\"widget\" data-widget_type=\"text-editor.default\">\n\t\t\t\t<div class=\"elementor-widget-container\">\n\t\t\t\t\t\t\t\t\t<p class=\"p1\">Grado, <b>die Sonneninsel<\/b> von Friaul-Julisch Venetien, die ihren Namen den Str\u00e4nden verdankt, die anders als beinahe alle Badeorte an der Adria, alle nach S\u00fcden, also zur Sonne hin ausgerichtet sind, beging 2022 <b>ihr 130-j\u00e4hriges<\/b> Jubil\u00e4um seit der Proklamation Grados zum <b>\u201eKur- und Aufenthaltsort\u201c<\/b>durch den damaligen Kaiser Franz Joseph.<span class=\"Apple-converted-space\"> <\/span><\/p>\n<p class=\"p1\">F\u00fcr die <b>R\u00f6mer<\/b> dagegen \u2013 die die Inselstadt <b>\u201eGradus\u201c<\/b> bzw. \u201eAnlegestelle\u201c nannten \u2013 war sie wesentlicher Bestandteil des Hafensystems von <b>Aquileia<\/b>, der Hauptstadt der X. Regio w\u00e4hrend der r\u00f6mischen Kaiserzeit und anschlie\u00dfend eine wichtige Kirchenprovinz des Christentums.<\/p>\n<p class=\"p1\">Die Lagune von Grado mit ihren typischen \u201eCasoni\u201c hat <b>Ernest Hemingway<\/b> beim Schreiben seines Romans \u201e\u00dcber den Fluss und in die W\u00e4lder\u201c inspiriert und auch <b>Pier Paolo Pasolini<\/b> war von der Gradeser Lagune begeistert, so sehr, dass er dort 1969 einige Szenen von \u201eMedea\u201c drehte.<\/p>\n<p class=\"p1\">Bereits diesen wenigen Informationen ist zu entnehmen, welch <b>einzigartiges Szenario<\/b> Grado bietet, wo die Natur, die Geschichte und die Kultur eine Region und ein Volk gepr\u00e4gt haben, das viel zu erz\u00e4hlen hat.<\/p>\n<p class=\"p1\">Grado und seine Gegend zu erkunden ist ein Erlebnis, das jeden Urlaub bereichert.<\/p>\n\t\t\t\t\t\t\t\t<\/div>\n\t\t\t\t<\/div>\n\t\t\t\t\t<\/div>\n\t\t<\/div>\n\t\t\t\t\t<\/div>\n\t\t<\/section>\n\t\t\t\t<section class=\"elementor-section elementor-top-section elementor-element elementor-element-3ff8d49 elementor-section-full_width qodef-elementor-content-grid elementor-section-height-default elementor-section-height-default\" data-id=\"3ff8d49\" data-element_type=\"section\" data-e-type=\"section\">\n\t\t\t\t\t\t<div class=\"elementor-container elementor-column-gap-no\">\n\t\t\t\t\t<div class=\"elementor-column elementor-col-50 elementor-top-column elementor-element elementor-element-ea83dd2\" data-id=\"ea83dd2\" data-element_type=\"column\" data-e-type=\"column\">\n\t\t\t<div class=\"elementor-widget-wrap elementor-element-populated\">\n\t\t\t\t\t\t<div class=\"elementor-element elementor-element-854ba8a elementor-widget elementor-widget-alloggio_core_image_with_text\" data-id=\"854ba8a\" data-element_type=\"widget\" data-e-type=\"widget\" data-widget_type=\"alloggio_core_image_with_text.default\">\n\t\t\t\t<div class=\"elementor-widget-container\">\n\t\t\t\t\t<div class=\"qodef-shortcode qodef-m  qodef-image-with-text qodef-layout--text-below  \">\n\t<div class=\"qodef-m-image\">\n\t\t\t\t\t\t\t\t\t<img fetchpriority=\"high\" decoding=\"async\" width=\"1920\" height=\"1280\" src=\"https:\/\/seagardengrado.com\/wp-content\/uploads\/2023\/06\/Seagarden-Grado.jpg\" class=\"qodef-e-main-image\" alt=\"\" srcset=\"https:\/\/seagardengrado.com\/wp-content\/uploads\/2023\/06\/Seagarden-Grado.jpg 1920w, https:\/\/seagardengrado.com\/wp-content\/uploads\/2023\/06\/Seagarden-Grado-300x200.jpg 300w, https:\/\/seagardengrado.com\/wp-content\/uploads\/2023\/06\/Seagarden-Grado-1024x683.jpg 1024w, https:\/\/seagardengrado.com\/wp-content\/uploads\/2023\/06\/Seagarden-Grado-768x512.jpg 768w, https:\/\/seagardengrado.com\/wp-content\/uploads\/2023\/06\/Seagarden-Grado-1536x1024.jpg 1536w, https:\/\/seagardengrado.com\/wp-content\/uploads\/2023\/06\/Seagarden-Grado-600x400.jpg 600w\" sizes=\"(max-width: 1920px) 100vw, 1920px\" \/>\t\t\t\t\t\t\t\t\t<\/div>\t<div class=\"qodef-m-content\">\n\t\t\t\t\t<\/div>\n<\/div>\t\t\t\t<\/div>\n\t\t\t\t<\/div>\n\t\t\t\t\t<\/div>\n\t\t<\/div>\n\t\t\t\t<div class=\"elementor-column elementor-col-50 elementor-top-column elementor-element elementor-element-a493279\" data-id=\"a493279\" data-element_type=\"column\" data-e-type=\"column\">\n\t\t\t<div class=\"elementor-widget-wrap elementor-element-populated\">\n\t\t\t\t\t\t<div class=\"elementor-element elementor-element-d89f616 elementor-widget elementor-widget-text-editor\" data-id=\"d89f616\" data-element_type=\"widget\" data-e-type=\"widget\" data-widget_type=\"text-editor.default\">\n\t\t\t\t<div class=\"elementor-widget-container\">\n\t\t\t\t\t\t\t\t\t<h3>Grado entdecken<\/h3>\n<p class=\"p1\">Mit seinen Pfaden und Gassen \u00e4hnelt das historische Zentrum Grados an ein <b>Venedig in Miniatur.<\/b> Ein faszinierendes Stra\u00dfengewirr breitet sich aus und es ist jedes Mal sch\u00f6n, sich darin zu verlieren und dabei neue, malerische Ecken zu entdecken.<\/p>\n<p class=\"p1\">Es lohnt sich, die gesamte <b>Stadt und ihre Umgebung<\/b>, die in einer unber\u00fchrten Landschaft eingebettet ist, zu Fu\u00df, mit dem Fahrrad oder dem Boot, zu erkunden. Mit dem Festland \u00fcber die sehr Lange Matteotti-Br\u00fccke verbunden, war Grado vormals nur per Boot erreichbar. Daher ist die Natur und die Atmosph\u00e4re der Lagune unber\u00fchrt geblieben.<span class=\"Apple-converted-space\"> <\/span><\/p>\n\t\t\t\t\t\t\t\t<\/div>\n\t\t\t\t<\/div>\n\t\t\t\t\t<\/div>\n\t\t<\/div>\n\t\t\t\t\t<\/div>\n\t\t<\/section>\n\t\t\t\t<section class=\"elementor-section elementor-top-section elementor-element elementor-element-a0d2bba elementor-section-full_width qodef-elementor-content-grid elementor-section-height-default elementor-section-height-default\" data-id=\"a0d2bba\" data-element_type=\"section\" data-e-type=\"section\">\n\t\t\t\t\t\t<div class=\"elementor-container elementor-column-gap-no\">\n\t\t\t\t\t<div class=\"elementor-column elementor-col-33 elementor-top-column elementor-element elementor-element-36673cf\" data-id=\"36673cf\" data-element_type=\"column\" data-e-type=\"column\">\n\t\t\t<div class=\"elementor-widget-wrap elementor-element-populated\">\n\t\t\t\t\t\t<div class=\"elementor-element elementor-element-1770090 elementor-widget elementor-widget-alloggio_core_image_with_text\" data-id=\"1770090\" data-element_type=\"widget\" data-e-type=\"widget\" data-widget_type=\"alloggio_core_image_with_text.default\">\n\t\t\t\t<div class=\"elementor-widget-container\">\n\t\t\t\t\t<div class=\"qodef-shortcode qodef-m  qodef-image-with-text qodef-layout--text-below  \">\n\t<div class=\"qodef-m-image\">\n\t\t\t\t\t\t\t\t\t<img decoding=\"async\" width=\"1920\" height=\"1280\" src=\"https:\/\/seagardengrado.com\/wp-content\/uploads\/2023\/06\/seagarden-barca.jpg\" class=\"qodef-e-main-image\" alt=\"\" srcset=\"https:\/\/seagardengrado.com\/wp-content\/uploads\/2023\/06\/seagarden-barca.jpg 1920w, https:\/\/seagardengrado.com\/wp-content\/uploads\/2023\/06\/seagarden-barca-300x200.jpg 300w, https:\/\/seagardengrado.com\/wp-content\/uploads\/2023\/06\/seagarden-barca-1024x683.jpg 1024w, https:\/\/seagardengrado.com\/wp-content\/uploads\/2023\/06\/seagarden-barca-768x512.jpg 768w, https:\/\/seagardengrado.com\/wp-content\/uploads\/2023\/06\/seagarden-barca-1536x1024.jpg 1536w, https:\/\/seagardengrado.com\/wp-content\/uploads\/2023\/06\/seagarden-barca-600x400.jpg 600w\" sizes=\"(max-width: 1920px) 100vw, 1920px\" \/>\t\t\t\t\t\t\t\t\t<\/div>\t<div class=\"qodef-m-content\">\n\t\t\t<h3 class=\"qodef-m-title\" style=\"margin-top: 20px\">\n\t\t\t\t\tMit dem Boot\t\t\t<\/h3>\n\t\t\t<p class=\"qodef-m-text\" style=\"margin-top: 13px\">Zu zwei der typischen Ausfl\u00fcge, die man von Grado aus mit dem Boot unternehmen kann, geh\u00f6ren: zu den Casoni (einfache, zum Teil mit Riet gedeckte Fischerh\u00e4user) der Lagune zu fahren, um frischen Fisch zu essen, oder zur Insel Barbana, auf der sich eine der weltweit \u00e4ltesten Wallfahrtskirchen befindet.<\/p>\n\t<\/div>\n<\/div>\t\t\t\t<\/div>\n\t\t\t\t<\/div>\n\t\t\t\t\t<\/div>\n\t\t<\/div>\n\t\t\t\t<div class=\"elementor-column elementor-col-33 elementor-top-column elementor-element elementor-element-847cb54\" data-id=\"847cb54\" data-element_type=\"column\" data-e-type=\"column\">\n\t\t\t<div class=\"elementor-widget-wrap elementor-element-populated\">\n\t\t\t\t\t\t<div class=\"elementor-element elementor-element-6fe3cdf elementor-widget elementor-widget-alloggio_core_image_with_text\" data-id=\"6fe3cdf\" data-element_type=\"widget\" data-e-type=\"widget\" data-widget_type=\"alloggio_core_image_with_text.default\">\n\t\t\t\t<div class=\"elementor-widget-container\">\n\t\t\t\t\t<div class=\"qodef-shortcode qodef-m  qodef-image-with-text qodef-layout--text-below  \">\n\t<div class=\"qodef-m-image\">\n\t\t\t\t\t\t\t\t\t<img decoding=\"async\" width=\"1920\" height=\"1280\" src=\"https:\/\/seagardengrado.com\/wp-content\/uploads\/2023\/06\/Seagarden-alpeadria.jpg\" class=\"qodef-e-main-image\" alt=\"\" srcset=\"https:\/\/seagardengrado.com\/wp-content\/uploads\/2023\/06\/Seagarden-alpeadria.jpg 1920w, https:\/\/seagardengrado.com\/wp-content\/uploads\/2023\/06\/Seagarden-alpeadria-300x200.jpg 300w, https:\/\/seagardengrado.com\/wp-content\/uploads\/2023\/06\/Seagarden-alpeadria-1024x683.jpg 1024w, https:\/\/seagardengrado.com\/wp-content\/uploads\/2023\/06\/Seagarden-alpeadria-768x512.jpg 768w, https:\/\/seagardengrado.com\/wp-content\/uploads\/2023\/06\/Seagarden-alpeadria-1536x1024.jpg 1536w, https:\/\/seagardengrado.com\/wp-content\/uploads\/2023\/06\/Seagarden-alpeadria-600x400.jpg 600w\" sizes=\"(max-width: 1920px) 100vw, 1920px\" \/>\t\t\t\t\t\t\t\t\t<\/div>\t<div class=\"qodef-m-content\">\n\t\t\t<h3 class=\"qodef-m-title\" style=\"margin-top: 20px\">\n\t\t\t\t\tMit dem Fahrrad\t\t\t<\/h3>\n\t\t\t<p class=\"qodef-m-text\" style=\"margin-top: 13px\">Wenn man an der Lagune mit dem Fahrrad entlangf\u00e4hrt, l\u00e4sst sich die Halbinsel \u201eIsola della Cona\u201c erreichen,\nein Naturschutzgebiet an der Isonzo-M\u00fcndung, das ein Paradies f\u00fcr Vogelbeobachter und Liebhaber einer unber\u00fchrten Natur ist. Von hier aus kann man\nauch von Nahem die Camargue-Pferde beobachten.<\/p>\n\t<\/div>\n<\/div>\t\t\t\t<\/div>\n\t\t\t\t<\/div>\n\t\t\t\t\t<\/div>\n\t\t<\/div>\n\t\t\t\t<div class=\"elementor-column elementor-col-33 elementor-top-column elementor-element elementor-element-78f5052\" data-id=\"78f5052\" data-element_type=\"column\" data-e-type=\"column\">\n\t\t\t<div class=\"elementor-widget-wrap elementor-element-populated\">\n\t\t\t\t\t\t<div class=\"elementor-element elementor-element-81a2412 elementor-widget elementor-widget-alloggio_core_image_with_text\" data-id=\"81a2412\" data-element_type=\"widget\" data-e-type=\"widget\" data-widget_type=\"alloggio_core_image_with_text.default\">\n\t\t\t\t<div class=\"elementor-widget-container\">\n\t\t\t\t\t<div class=\"qodef-shortcode qodef-m  qodef-image-with-text qodef-layout--text-below  \">\n\t<div class=\"qodef-m-image\">\n\t\t\t\t\t\t\t\t\t<img loading=\"lazy\" decoding=\"async\" width=\"1200\" height=\"803\" src=\"https:\/\/seagardengrado.com\/wp-content\/uploads\/2023\/06\/seagarden_aquileia.jpg\" class=\"qodef-e-main-image\" alt=\"\" srcset=\"https:\/\/seagardengrado.com\/wp-content\/uploads\/2023\/06\/seagarden_aquileia.jpg 1200w, https:\/\/seagardengrado.com\/wp-content\/uploads\/2023\/06\/seagarden_aquileia-300x201.jpg 300w, https:\/\/seagardengrado.com\/wp-content\/uploads\/2023\/06\/seagarden_aquileia-1024x685.jpg 1024w, https:\/\/seagardengrado.com\/wp-content\/uploads\/2023\/06\/seagarden_aquileia-768x514.jpg 768w, https:\/\/seagardengrado.com\/wp-content\/uploads\/2023\/06\/seagarden_aquileia-600x402.jpg 600w\" sizes=\"(max-width: 1200px) 100vw, 1200px\" \/>\t\t\t\t\t\t\t\t\t<\/div>\t<div class=\"qodef-m-content\">\n\t\t\t<h3 class=\"qodef-m-title\" style=\"margin-top: 20px\">\n\t\t\t\t\tWenn die Sonne einmal nicht scheint\t\t\t<\/h3>\n\t\t\t<p class=\"qodef-m-text\" style=\"margin-top: 13px\">Wenn der Himmel grau ist oder man einen Tag lang Abstand vom Meer und der Natur bekommen m\u00f6chte, befindet sich nur wenige\nKilometer von Grado entfernt Aquileia, eine der gr\u00f6\u00dften und reichsten St\u00e4dte des R\u00f6mischen Reichs, die heute\nzu den wichtigsten arch\u00e4ologischen St\u00e4tten Norditaliens z\u00e4hlt und Teil des Unesco-Welterbes ist.<\/p>\n\t<\/div>\n<\/div>\t\t\t\t<\/div>\n\t\t\t\t<\/div>\n\t\t\t\t\t<\/div>\n\t\t<\/div>\n\t\t\t\t\t<\/div>\n\t\t<\/section>\n\t\t\t\t<section class=\"elementor-section elementor-top-section elementor-element elementor-element-31c2e743 elementor-section-full_width qodef-elementor-content-grid elementor-section-stretched elementor-section-height-default elementor-section-height-default\" data-id=\"31c2e743\" data-element_type=\"section\" data-e-type=\"section\" data-settings=\"{&quot;background_background&quot;:&quot;classic&quot;,&quot;stretch_section&quot;:&quot;section-stretched&quot;}\">\n\t\t\t\t\t\t<div class=\"elementor-container elementor-column-gap-no\">\n\t\t\t\t\t<div class=\"elementor-column elementor-col-100 elementor-top-column elementor-element elementor-element-292f486c\" data-id=\"292f486c\" data-element_type=\"column\" data-e-type=\"column\">\n\t\t\t<div class=\"elementor-widget-wrap elementor-element-populated\">\n\t\t\t\t\t\t<section class=\"elementor-section elementor-inner-section elementor-element elementor-element-7549a68f elementor-section-boxed elementor-section-height-default elementor-section-height-default qodef-elementor-content-no\" data-id=\"7549a68f\" data-element_type=\"section\" data-e-type=\"section\" data-settings=\"{&quot;background_background&quot;:&quot;classic&quot;}\">\n\t\t\t\t\t\t<div class=\"elementor-container elementor-column-gap-default\">\n\t\t\t\t\t<div class=\"elementor-column elementor-col-100 elementor-inner-column elementor-element elementor-element-1b359e39\" data-id=\"1b359e39\" data-element_type=\"column\" data-e-type=\"column\">\n\t\t\t<div class=\"elementor-widget-wrap elementor-element-populated\">\n\t\t\t\t\t\t<div class=\"elementor-element elementor-element-1c084871 elementor-widget elementor-widget-heading\" data-id=\"1c084871\" data-element_type=\"widget\" data-e-type=\"widget\" data-widget_type=\"heading.default\">\n\t\t\t\t<div class=\"elementor-widget-container\">\n\t\t\t\t\t<h3 class=\"elementor-heading-title elementor-size-default\">Informationen und Buchung<\/h3>\t\t\t\t<\/div>\n\t\t\t\t<\/div>\n\t\t\t\t<div class=\"elementor-element elementor-element-65c279be elementor-widget elementor-widget-text-editor\" data-id=\"65c279be\" data-element_type=\"widget\" data-e-type=\"widget\" data-widget_type=\"text-editor.default\">\n\t\t\t\t<div class=\"elementor-widget-container\">\n\t\t\t\t\t\t\t\t\t<p>Wir stehen immer zu Ihrer Verf\u00fcgung!<\/p>\n\t\t\t\t\t\t\t\t<\/div>\n\t\t\t\t<\/div>\n\t\t\t\t\t<\/div>\n\t\t<\/div>\n\t\t\t\t\t<\/div>\n\t\t<\/section>\n\t\t\t\t\t<\/div>\n\t\t<\/div>\n\t\t\t\t\t<\/div>\n\t\t<\/section>\n\t\t\t\t<\/div>\n\t\t","protected":false},"excerpt":{"rendered":"<p>Die einzigartige Umgebung von Grado Grado, die Sonneninsel von Friaul-Julisch Venetien, die ihren Namen den Str\u00e4nden verdankt, die anders als beinahe alle Badeorte an der Adria, alle nach S\u00fcden, also zur Sonne hin ausgerichtet sind, beging 2022 ihr 130-j\u00e4hriges Jubil\u00e4um seit der Proklamation Grados zum \u201eKur- und Aufenthaltsort\u201cdurch den damaligen Kaiser Franz Joseph. F\u00fcr die [&hellip;]<\/p>\n","protected":false},"author":1,"featured_media":0,"parent":0,"menu_order":0,"comment_status":"closed","ping_status":"closed","template":"page-full-width.php","meta":{"footnotes":""},"class_list":["post-6009","page","type-page","status-publish","hentry"],"yoast_head":"<!-- This site is optimized with the Yoast SEO plugin v27.4 - https:\/\/yoast.com\/product\/yoast-seo-wordpress\/ -->\n<title>Die Gegend - Sea Garden - Apartments &amp; Room - Affitta Camere a Grado<\/title>\n<meta name=\"robots\" content=\"index, follow, max-snippet:-1, max-image-preview:large, max-video-preview:-1\" \/>\n<link rel=\"canonical\" href=\"https:\/\/seagardengrado.com\/de\/die-gegend\/\" \/>\n<meta property=\"og:locale\" content=\"de_DE\" \/>\n<meta property=\"og:type\" content=\"article\" \/>\n<meta property=\"og:title\" content=\"Die Gegend - Sea Garden - Apartments &amp; Room - Affitta Camere a Grado\" \/>\n<meta property=\"og:description\" content=\"Die einzigartige Umgebung von Grado Grado, die Sonneninsel von Friaul-Julisch Venetien, die ihren Namen den Str\u00e4nden verdankt, die anders als beinahe alle Badeorte an der Adria, alle nach S\u00fcden, also zur Sonne hin ausgerichtet sind, beging 2022 ihr 130-j\u00e4hriges Jubil\u00e4um seit der Proklamation Grados zum \u201eKur- und Aufenthaltsort\u201cdurch den damaligen Kaiser Franz Joseph. F\u00fcr die [&hellip;]\" \/>\n<meta property=\"og:url\" content=\"https:\/\/seagardengrado.com\/de\/die-gegend\/\" \/>\n<meta property=\"og:site_name\" content=\"Sea Garden - Apartments &amp; Room - Affitta Camere a Grado\" \/>\n<meta property=\"article:publisher\" content=\"https:\/\/www.facebook.com\/seagarden.grado\" \/>\n<meta property=\"article:modified_time\" content=\"2023-07-21T15:06:16+00:00\" \/>\n<meta property=\"og:image\" content=\"https:\/\/seagardengrado.com\/wp-content\/uploads\/2023\/06\/Seagarden-Grado.jpg\" \/>\n<meta name=\"twitter:card\" content=\"summary_large_image\" \/>\n<meta name=\"twitter:label1\" content=\"Gesch\u00e4tzte Lesezeit\" \/>\n\t<meta name=\"twitter:data1\" content=\"4\u00a0Minuten\" \/>\n<script type=\"application\/ld+json\" class=\"yoast-schema-graph\">{\"@context\":\"https:\\\/\\\/schema.org\",\"@graph\":[{\"@type\":\"WebPage\",\"@id\":\"https:\\\/\\\/seagardengrado.com\\\/de\\\/die-gegend\\\/\",\"url\":\"https:\\\/\\\/seagardengrado.com\\\/de\\\/die-gegend\\\/\",\"name\":\"Die Gegend - Sea Garden - Apartments &amp; Room - Affitta Camere a Grado\",\"isPartOf\":{\"@id\":\"https:\\\/\\\/seagardengrado.com\\\/#website\"},\"primaryImageOfPage\":{\"@id\":\"https:\\\/\\\/seagardengrado.com\\\/de\\\/die-gegend\\\/#primaryimage\"},\"image\":{\"@id\":\"https:\\\/\\\/seagardengrado.com\\\/de\\\/die-gegend\\\/#primaryimage\"},\"thumbnailUrl\":\"https:\\\/\\\/seagardengrado.com\\\/wp-content\\\/uploads\\\/2023\\\/06\\\/Seagarden-Grado.jpg\",\"datePublished\":\"2023-05-04T12:30:08+00:00\",\"dateModified\":\"2023-07-21T15:06:16+00:00\",\"breadcrumb\":{\"@id\":\"https:\\\/\\\/seagardengrado.com\\\/de\\\/die-gegend\\\/#breadcrumb\"},\"inLanguage\":\"de\",\"potentialAction\":[{\"@type\":\"ReadAction\",\"target\":[\"https:\\\/\\\/seagardengrado.com\\\/de\\\/die-gegend\\\/\"]}]},{\"@type\":\"ImageObject\",\"inLanguage\":\"de\",\"@id\":\"https:\\\/\\\/seagardengrado.com\\\/de\\\/die-gegend\\\/#primaryimage\",\"url\":\"https:\\\/\\\/seagardengrado.com\\\/wp-content\\\/uploads\\\/2023\\\/06\\\/Seagarden-Grado.jpg\",\"contentUrl\":\"https:\\\/\\\/seagardengrado.com\\\/wp-content\\\/uploads\\\/2023\\\/06\\\/Seagarden-Grado.jpg\"},{\"@type\":\"BreadcrumbList\",\"@id\":\"https:\\\/\\\/seagardengrado.com\\\/de\\\/die-gegend\\\/#breadcrumb\",\"itemListElement\":[{\"@type\":\"ListItem\",\"position\":1,\"name\":\"Home\",\"item\":\"https:\\\/\\\/seagardengrado.com\\\/\"},{\"@type\":\"ListItem\",\"position\":2,\"name\":\"Die Gegend\"}]},{\"@type\":\"WebSite\",\"@id\":\"https:\\\/\\\/seagardengrado.com\\\/#website\",\"url\":\"https:\\\/\\\/seagardengrado.com\\\/\",\"name\":\"Sea Garden - Apartments e Room a Grado\",\"description\":\"Per un soggiorno unico e indimenticabile a Grado\",\"publisher\":{\"@id\":\"https:\\\/\\\/seagardengrado.com\\\/#organization\"},\"potentialAction\":[{\"@type\":\"SearchAction\",\"target\":{\"@type\":\"EntryPoint\",\"urlTemplate\":\"https:\\\/\\\/seagardengrado.com\\\/?s={search_term_string}\"},\"query-input\":{\"@type\":\"PropertyValueSpecification\",\"valueRequired\":true,\"valueName\":\"search_term_string\"}}],\"inLanguage\":\"de\"},{\"@type\":\"Organization\",\"@id\":\"https:\\\/\\\/seagardengrado.com\\\/#organization\",\"name\":\"Sea Garden - Apartments e Room a Grado\",\"url\":\"https:\\\/\\\/seagardengrado.com\\\/\",\"logo\":{\"@type\":\"ImageObject\",\"inLanguage\":\"de\",\"@id\":\"https:\\\/\\\/seagardengrado.com\\\/#\\\/schema\\\/logo\\\/image\\\/\",\"url\":\"https:\\\/\\\/seagardengrado.com\\\/wp-content\\\/uploads\\\/2023\\\/05\\\/favicon-seagarden.png\",\"contentUrl\":\"https:\\\/\\\/seagardengrado.com\\\/wp-content\\\/uploads\\\/2023\\\/05\\\/favicon-seagarden.png\",\"width\":699,\"height\":698,\"caption\":\"Sea Garden - Apartments e Room a Grado\"},\"image\":{\"@id\":\"https:\\\/\\\/seagardengrado.com\\\/#\\\/schema\\\/logo\\\/image\\\/\"},\"sameAs\":[\"https:\\\/\\\/www.facebook.com\\\/seagarden.grado\",\"https:\\\/\\\/www.instagram.com\\\/seagarden.grado\\\/\"]}]}<\/script>\n<!-- \/ Yoast SEO plugin. -->","yoast_head_json":{"title":"Die Gegend - Sea Garden - Apartments &amp; Room - Affitta Camere a Grado","robots":{"index":"index","follow":"follow","max-snippet":"max-snippet:-1","max-image-preview":"max-image-preview:large","max-video-preview":"max-video-preview:-1"},"canonical":"https:\/\/seagardengrado.com\/de\/die-gegend\/","og_locale":"de_DE","og_type":"article","og_title":"Die Gegend - Sea Garden - Apartments &amp; Room - Affitta Camere a Grado","og_description":"Die einzigartige Umgebung von Grado Grado, die Sonneninsel von Friaul-Julisch Venetien, die ihren Namen den Str\u00e4nden verdankt, die anders als beinahe alle Badeorte an der Adria, alle nach S\u00fcden, also zur Sonne hin ausgerichtet sind, beging 2022 ihr 130-j\u00e4hriges Jubil\u00e4um seit der Proklamation Grados zum \u201eKur- und Aufenthaltsort\u201cdurch den damaligen Kaiser Franz Joseph. F\u00fcr die [&hellip;]","og_url":"https:\/\/seagardengrado.com\/de\/die-gegend\/","og_site_name":"Sea Garden - Apartments &amp; Room - Affitta Camere a Grado","article_publisher":"https:\/\/www.facebook.com\/seagarden.grado","article_modified_time":"2023-07-21T15:06:16+00:00","og_image":[{"url":"https:\/\/seagardengrado.com\/wp-content\/uploads\/2023\/06\/Seagarden-Grado.jpg","type":"","width":"","height":""}],"twitter_card":"summary_large_image","twitter_misc":{"Gesch\u00e4tzte Lesezeit":"4\u00a0Minuten"},"schema":{"@context":"https:\/\/schema.org","@graph":[{"@type":"WebPage","@id":"https:\/\/seagardengrado.com\/de\/die-gegend\/","url":"https:\/\/seagardengrado.com\/de\/die-gegend\/","name":"Die Gegend - Sea Garden - Apartments &amp; Room - Affitta Camere a Grado","isPartOf":{"@id":"https:\/\/seagardengrado.com\/#website"},"primaryImageOfPage":{"@id":"https:\/\/seagardengrado.com\/de\/die-gegend\/#primaryimage"},"image":{"@id":"https:\/\/seagardengrado.com\/de\/die-gegend\/#primaryimage"},"thumbnailUrl":"https:\/\/seagardengrado.com\/wp-content\/uploads\/2023\/06\/Seagarden-Grado.jpg","datePublished":"2023-05-04T12:30:08+00:00","dateModified":"2023-07-21T15:06:16+00:00","breadcrumb":{"@id":"https:\/\/seagardengrado.com\/de\/die-gegend\/#breadcrumb"},"inLanguage":"de","potentialAction":[{"@type":"ReadAction","target":["https:\/\/seagardengrado.com\/de\/die-gegend\/"]}]},{"@type":"ImageObject","inLanguage":"de","@id":"https:\/\/seagardengrado.com\/de\/die-gegend\/#primaryimage","url":"https:\/\/seagardengrado.com\/wp-content\/uploads\/2023\/06\/Seagarden-Grado.jpg","contentUrl":"https:\/\/seagardengrado.com\/wp-content\/uploads\/2023\/06\/Seagarden-Grado.jpg"},{"@type":"BreadcrumbList","@id":"https:\/\/seagardengrado.com\/de\/die-gegend\/#breadcrumb","itemListElement":[{"@type":"ListItem","position":1,"name":"Home","item":"https:\/\/seagardengrado.com\/"},{"@type":"ListItem","position":2,"name":"Die Gegend"}]},{"@type":"WebSite","@id":"https:\/\/seagardengrado.com\/#website","url":"https:\/\/seagardengrado.com\/","name":"Sea Garden - Apartments e Room a Grado","description":"Per un soggiorno unico e indimenticabile a Grado","publisher":{"@id":"https:\/\/seagardengrado.com\/#organization"},"potentialAction":[{"@type":"SearchAction","target":{"@type":"EntryPoint","urlTemplate":"https:\/\/seagardengrado.com\/?s={search_term_string}"},"query-input":{"@type":"PropertyValueSpecification","valueRequired":true,"valueName":"search_term_string"}}],"inLanguage":"de"},{"@type":"Organization","@id":"https:\/\/seagardengrado.com\/#organization","name":"Sea Garden - Apartments e Room a Grado","url":"https:\/\/seagardengrado.com\/","logo":{"@type":"ImageObject","inLanguage":"de","@id":"https:\/\/seagardengrado.com\/#\/schema\/logo\/image\/","url":"https:\/\/seagardengrado.com\/wp-content\/uploads\/2023\/05\/favicon-seagarden.png","contentUrl":"https:\/\/seagardengrado.com\/wp-content\/uploads\/2023\/05\/favicon-seagarden.png","width":699,"height":698,"caption":"Sea Garden - Apartments e Room a Grado"},"image":{"@id":"https:\/\/seagardengrado.com\/#\/schema\/logo\/image\/"},"sameAs":["https:\/\/www.facebook.com\/seagarden.grado","https:\/\/www.instagram.com\/seagarden.grado\/"]}]}},"_links":{"self":[{"href":"https:\/\/seagardengrado.com\/de\/wp-json\/wp\/v2\/pages\/6009","targetHints":{"allow":["GET"]}}],"collection":[{"href":"https:\/\/seagardengrado.com\/de\/wp-json\/wp\/v2\/pages"}],"about":[{"href":"https:\/\/seagardengrado.com\/de\/wp-json\/wp\/v2\/types\/page"}],"author":[{"embeddable":true,"href":"https:\/\/seagardengrado.com\/de\/wp-json\/wp\/v2\/users\/1"}],"replies":[{"embeddable":true,"href":"https:\/\/seagardengrado.com\/de\/wp-json\/wp\/v2\/comments?post=6009"}],"version-history":[{"count":4,"href":"https:\/\/seagardengrado.com\/de\/wp-json\/wp\/v2\/pages\/6009\/revisions"}],"predecessor-version":[{"id":6047,"href":"https:\/\/seagardengrado.com\/de\/wp-json\/wp\/v2\/pages\/6009\/revisions\/6047"}],"wp:attachment":[{"href":"https:\/\/seagardengrado.com\/de\/wp-json\/wp\/v2\/media?parent=6009"}],"curies":[{"name":"wp","href":"https:\/\/api.w.org\/{rel}","templated":true}]}}