{"id":6011,"date":"2023-05-04T12:30:19","date_gmt":"2023-05-04T12:30:19","guid":{"rendered":"https:\/\/seagardengrado.com\/kontakt\/"},"modified":"2023-07-21T15:08:11","modified_gmt":"2023-07-21T15:08:11","slug":"kontakt","status":"publish","type":"page","link":"https:\/\/seagardengrado.com\/de\/kontakt\/","title":{"rendered":"Kontakt"},"content":{"rendered":"\t\t<div data-elementor-type=\"wp-page\" data-elementor-id=\"6011\" class=\"elementor elementor-6011 elementor-4664\">\n\t\t\t\t\t\t<section class=\"elementor-section elementor-top-section elementor-element elementor-element-c9042e3 elementor-section-full_width qodef-elementor-content-grid elementor-section-height-default elementor-section-height-default\" data-id=\"c9042e3\" data-element_type=\"section\" data-e-type=\"section\">\n\t\t\t\t\t\t<div class=\"elementor-container elementor-column-gap-no\">\n\t\t\t\t\t<div class=\"elementor-column elementor-col-50 elementor-top-column elementor-element elementor-element-cc5b1cc\" data-id=\"cc5b1cc\" data-element_type=\"column\" data-e-type=\"column\">\n\t\t\t<div class=\"elementor-widget-wrap elementor-element-populated\">\n\t\t\t\t\t\t<div class=\"elementor-element elementor-element-8f268a7 elementor-widget elementor-widget-text-editor\" data-id=\"8f268a7\" data-element_type=\"widget\" data-e-type=\"widget\" data-widget_type=\"text-editor.default\">\n\t\t\t\t<div class=\"elementor-widget-container\">\n\t\t\t\t\t\t\t\t\t<h4>Sea Garden \u2013 Apartments &amp; Rooms<\/h4>\n<p>Schreiben Sie an <strong><a href=\"mailto:info@seagardengrado.com\">info@seagardengrado.com<\/a><\/strong><\/p>\n<p>Rufen Sie an unter <strong><a href=\"tel:+39%20327%20105%204475\">+39 327 105 4475<\/a><\/strong><\/p>\n<p>Wir sind in der <strong>Via Manzoni 11 &#8211; 34073 Grado, Italy<\/strong><\/p>\n\t\t\t\t\t\t\t\t<\/div>\n\t\t\t\t<\/div>\n\t\t\t\t<div class=\"elementor-element elementor-element-736b967 elementor-widget elementor-widget-html\" data-id=\"736b967\" data-element_type=\"widget\" data-e-type=\"widget\" data-widget_type=\"html.default\">\n\t\t\t\t<div class=\"elementor-widget-container\">\n\t\t\t\t\t<iframe src=\"https:\/\/www.google.com\/maps\/embed?pb=!1m18!1m12!1m3!1d2787.6252990549933!2d13.387148600000002!3d45.678422!2m3!1f0!2f0!3f0!3m2!1i1024!2i768!4f13.1!3m3!1m2!1s0x477b9f300d0c60a7%3A0x90127401d6491877!2sSea%20Garden%20%E2%80%93%20Apartments%20%26%20Rooms!5e0!3m2!1sit!2sit!4v1687530143293!5m2!1sit!2sit\" width=\"100%\" height=\"480\" style=\"border:0;\" allowfullscreen=\"\" loading=\"lazy\" referrerpolicy=\"no-referrer-when-downgrade\"><\/iframe>\t\t\t\t<\/div>\n\t\t\t\t<\/div>\n\t\t\t\t\t<\/div>\n\t\t<\/div>\n\t\t\t\t<div class=\"elementor-column elementor-col-50 elementor-top-column elementor-element elementor-element-7ca5e6f\" data-id=\"7ca5e6f\" data-element_type=\"column\" data-e-type=\"column\">\n\t\t\t<div class=\"elementor-widget-wrap elementor-element-populated\">\n\t\t\t\t\t\t<div class=\"elementor-element elementor-element-f52185c elementor-widget elementor-widget-text-editor\" data-id=\"f52185c\" data-element_type=\"widget\" data-e-type=\"widget\" data-widget_type=\"text-editor.default\">\n\t\t\t\t<div class=\"elementor-widget-container\">\n\t\t\t\t\t\t\t\t\t<h4>Informationen und Buchung<\/h4>\n\t\t\t\t\t\t\t\t<\/div>\n\t\t\t\t<\/div>\n\t\t\t\t<div class=\"elementor-element elementor-element-f340d5e elementor-widget elementor-widget-text-editor\" data-id=\"f340d5e\" data-element_type=\"widget\" data-e-type=\"widget\" data-widget_type=\"text-editor.default\">\n\t\t\t\t<div class=\"elementor-widget-container\">\n\t\t\t\t\t\t\t\t\t<p>F\u00fcllen Sie das Formular aus oder schreiben Sie uns \u00fcber Whatsapp. <a href=\"https:\/\/wa.me\/+393271054475\">+39 327 105 4475,<\/a> wir werden uns schnellstm\u00f6glich bei Ihnen melden.<br \/>Hinweis: Diese Anfrage ist f\u00fcr KEINE Partei bindend.<\/p>\n\t\t\t\t\t\t\t\t<\/div>\n\t\t\t\t<\/div>\n\t\t\t\t<div class=\"elementor-element elementor-element-694fb05 elementor-widget elementor-widget-wp-widget-alloggio_core_contact_form_7\" data-id=\"694fb05\" data-element_type=\"widget\" data-e-type=\"widget\" data-widget_type=\"wp-widget-alloggio_core_contact_form_7.default\">\n\t\t\t\t<div class=\"elementor-widget-container\">\n\t\t\t\t\t\t\t\t<div class=\"qodef-contact-form-7\">\n\t\t\t\t\n<div class=\"wpcf7 no-js\" id=\"wpcf7-f5962-o1\" lang=\"de-DE\" dir=\"ltr\" data-wpcf7-id=\"5962\">\n<div class=\"screen-reader-response\"><p role=\"status\" aria-live=\"polite\" aria-atomic=\"true\"><\/p> <ul><\/ul><\/div>\n<form action=\"\/de\/wp-json\/wp\/v2\/pages\/6011#wpcf7-f5962-o1\" method=\"post\" class=\"wpcf7-form init wpcf7-acceptance-as-validation\" aria-label=\"Kontaktformular\" novalidate=\"novalidate\" data-status=\"init\">\n<fieldset class=\"hidden-fields-container\"><input type=\"hidden\" name=\"_wpcf7\" value=\"5962\" \/><input type=\"hidden\" name=\"_wpcf7_version\" value=\"6.1.5\" \/><input type=\"hidden\" name=\"_wpcf7_locale\" value=\"de_DE\" \/><input type=\"hidden\" name=\"_wpcf7_unit_tag\" value=\"wpcf7-f5962-o1\" \/><input type=\"hidden\" name=\"_wpcf7_container_post\" value=\"0\" \/><input type=\"hidden\" name=\"_wpcf7_posted_data_hash\" value=\"\" \/><input type=\"hidden\" name=\"_wpcf7_recaptcha_response\" value=\"\" \/>\n<\/fieldset>\n<div class=\"responsive-form\">\n\n<div class=\"form-row\">\n<div class=\"column-half\">\n<label> Vorname *\n    <span class=\"wpcf7-form-control-wrap\" data-name=\"your-name\"><input size=\"40\" maxlength=\"400\" class=\"wpcf7-form-control wpcf7-text wpcf7-validates-as-required\" aria-required=\"true\" aria-invalid=\"false\" value=\"\" type=\"text\" name=\"your-name\" \/><\/span> \n<\/label>\n<\/div>\n<div class=\"column-half\">\n<label> Nachname *\n    <span class=\"wpcf7-form-control-wrap\" data-name=\"your-cognome\"><input size=\"40\" maxlength=\"400\" class=\"wpcf7-form-control wpcf7-text wpcf7-validates-as-required\" aria-required=\"true\" aria-invalid=\"false\" value=\"\" type=\"text\" name=\"your-cognome\" \/><\/span> <\/label>\n<\/div>\n<\/div>\n<div class=\"form-row\">\n<div class=\"column-half\">\n<label> E-mail *\n    <span class=\"wpcf7-form-control-wrap\" data-name=\"your-email\"><input size=\"40\" maxlength=\"400\" class=\"wpcf7-form-control wpcf7-email wpcf7-validates-as-required wpcf7-text wpcf7-validates-as-email\" aria-required=\"true\" aria-invalid=\"false\" value=\"\" type=\"email\" name=\"your-email\" \/><\/span> <\/label>\n<\/div>\n<div class=\"column-half\">\n<label> Telefon \n    <span class=\"wpcf7-form-control-wrap\" data-name=\"your-phone\"><input size=\"40\" maxlength=\"400\" class=\"wpcf7-form-control wpcf7-text\" aria-invalid=\"false\" value=\"\" type=\"text\" name=\"your-phone\" \/><\/span> <\/label>\n<\/div>\n<\/div>\n<div class=\"form-row\">\n<div class=\"column-half\">\n<label> Erwachsene *\n<span class=\"wpcf7-form-control-wrap\" data-name=\"adulti\"><select class=\"wpcf7-form-control wpcf7-select wpcf7-validates-as-required\" aria-required=\"true\" aria-invalid=\"false\" name=\"adulti\"><option value=\"1\">1<\/option><option value=\"2\">2<\/option><option value=\"3\">3<\/option><option value=\"4\">4<\/option><option value=\"5\">5<\/option><option value=\"6\">6<\/option><option value=\"7\">7<\/option><option value=\"8\">8<\/option><option value=\"9\">9<\/option><option value=\"10\">10<\/option><option value=\"mehr als 10\">mehr als 10<\/option><\/select><\/span> <\/label>\n<\/div>\n<div class=\"column-half\">\n<label> Kinder \n<span class=\"wpcf7-form-control-wrap\" data-name=\"bambini\"><select class=\"wpcf7-form-control wpcf7-select\" aria-invalid=\"false\" name=\"bambini\"><option value=\"0\">0<\/option><option value=\"1\">1<\/option><option value=\"2\">2<\/option><option value=\"3\">3<\/option><option value=\"4\">4<\/option><option value=\"5\">5<\/option><option value=\"6\">6<\/option><option value=\"7\">7<\/option><option value=\"8\">8<\/option><option value=\"9\">9<\/option><option value=\"10\">10<\/option><option value=\"mehr als 10\">mehr als 10<\/option><\/select><\/span>  <\/label>\n<\/div>\n<\/div>\n<div class=\"form-row\">\n<div class=\"column-half\">\n<label> Ankunftsdatum *\n   <span class=\"wpcf7-form-control-wrap\" data-name=\"data-arrivo\"><input class=\"wpcf7-form-control wpcf7-date wpcf7-validates-as-required wpcf7-validates-as-date\" min=\"2026-04-07\" aria-required=\"true\" aria-invalid=\"false\" placeholder=\"TT\/MM\/JJ\" value=\"\" type=\"date\" name=\"data-arrivo\" \/><\/span> \n<\/label>\n<\/div>\n<div class=\"column-half\">\n<label> Abfahrtsdatum *\n   <span class=\"wpcf7-form-control-wrap\" data-name=\"data-partenza\"><input class=\"wpcf7-form-control wpcf7-date wpcf7-validates-as-required wpcf7-validates-as-date\" min=\"2026-04-07\" aria-required=\"true\" aria-invalid=\"false\" placeholder=\"TT\/MM\/JJ\" value=\"\" type=\"date\" name=\"data-partenza\" \/><\/span> \n<\/label>\n<\/div>\n<\/div>\n<div class=\"form-row\">\n<div class=\"column-full\">\n<label> Anmerkungen \n    <span class=\"wpcf7-form-control-wrap\" data-name=\"your-message\"><input size=\"40\" maxlength=\"400\" class=\"wpcf7-form-control wpcf7-text\" aria-invalid=\"false\" value=\"\" type=\"text\" name=\"your-message\" \/><\/span> \n<\/label>\n<\/div>\n<\/div>\n<div class=\"form-row\">\n<span class=\"wpcf7-form-control-wrap\" data-name=\"privacy\"><span class=\"wpcf7-form-control wpcf7-acceptance\"><span class=\"wpcf7-list-item\"><input type=\"checkbox\" name=\"privacy\" value=\"1\" aria-invalid=\"false\" \/><\/span><\/span><\/span> ich habe die <a href=\"https:\/\/www.iubenda.com\/privacy-policy\/23817680\" class=\"iubenda-nostyle no-brand iubenda-noiframe iubenda-embed iubenda-noiframe \" title=\"Datenschutzerkl\u00e4rung \">Datenschutzerkl\u00e4rung<\/a> gelesen und akzeptiere die bestimmungen.\n<script type=\"text\/javascript\">(function (w,d) {var loader = function () {var s = d.createElement(\"script\"), tag = d.getElementsByTagName(\"script\")[0]; s.src=\"https:\/\/cdn.iubenda.com\/iubenda.js\"; tag.parentNode.insertBefore(s,tag);}; if(w.addEventListener){w.addEventListener(\"load\", loader, false);}else if(w.attachEvent){w.attachEvent(\"onload\", loader);}else{w.onload = loader;}})(window, document);<\/script>\n<\/div>\n<button class=\"wpcf7-form-control wpcf7-submit qodef-button qodef-size--normal qodef-type--outlined qodef-m\" type=\"submit\"><span class=\"qodef-m-text\">Senden<\/span><\/button>\n<\/div><div class=\"wpcf7-response-output\" aria-hidden=\"true\"><\/div>\n<\/form>\n<\/div>\n\t\t\t<\/div>\n\t\t\t\t\t\t\t<\/div>\n\t\t\t\t<\/div>\n\t\t\t\t\t<\/div>\n\t\t<\/div>\n\t\t\t\t\t<\/div>\n\t\t<\/section>\n\t\t\t\t<\/div>\n\t\t","protected":false},"excerpt":{"rendered":"<p>Sea Garden \u2013 Apartments &amp; Rooms Schreiben Sie an info@seagardengrado.com Rufen Sie an unter +39 327 105 4475 Wir sind in der Via Manzoni 11 &#8211; 34073 Grado, Italy Informationen und Buchung F\u00fcllen Sie das Formular aus oder schreiben Sie uns \u00fcber Whatsapp. +39 327 105 4475, wir werden uns schnellstm\u00f6glich bei Ihnen melden.Hinweis: Diese [&hellip;]<\/p>\n","protected":false},"author":1,"featured_media":0,"parent":0,"menu_order":0,"comment_status":"closed","ping_status":"closed","template":"page-full-width.php","meta":{"footnotes":""},"class_list":["post-6011","page","type-page","status-publish","hentry"],"yoast_head":"<!-- This site is optimized with the Yoast SEO plugin v27.3 - https:\/\/yoast.com\/product\/yoast-seo-wordpress\/ -->\n<title>Kontakt - Sea Garden - Apartments &amp; Room - Affitta Camere a Grado<\/title>\n<meta name=\"robots\" content=\"index, follow, max-snippet:-1, max-image-preview:large, max-video-preview:-1\" \/>\n<link rel=\"canonical\" href=\"https:\/\/seagardengrado.com\/de\/kontakt\/\" \/>\n<meta property=\"og:locale\" content=\"de_DE\" \/>\n<meta property=\"og:type\" content=\"article\" \/>\n<meta property=\"og:title\" content=\"Kontakt - Sea Garden - Apartments &amp; Room - Affitta Camere a Grado\" \/>\n<meta property=\"og:description\" content=\"Sea Garden \u2013 Apartments &amp; Rooms Schreiben Sie an info@seagardengrado.com Rufen Sie an unter +39 327 105 4475 Wir sind in der Via Manzoni 11 &#8211; 34073 Grado, Italy Informationen und Buchung F\u00fcllen Sie das Formular aus oder schreiben Sie uns \u00fcber Whatsapp. +39 327 105 4475, wir werden uns schnellstm\u00f6glich bei Ihnen melden.Hinweis: Diese [&hellip;]\" \/>\n<meta property=\"og:url\" content=\"https:\/\/seagardengrado.com\/de\/kontakt\/\" \/>\n<meta property=\"og:site_name\" content=\"Sea Garden - Apartments &amp; Room - Affitta Camere a Grado\" \/>\n<meta property=\"article:publisher\" content=\"https:\/\/www.facebook.com\/seagarden.grado\" \/>\n<meta property=\"article:modified_time\" content=\"2023-07-21T15:08:11+00:00\" \/>\n<meta name=\"twitter:card\" content=\"summary_large_image\" \/>\n<meta name=\"twitter:label1\" content=\"Gesch\u00e4tzte Lesezeit\" \/>\n\t<meta name=\"twitter:data1\" content=\"1\u00a0Minute\" \/>\n<script type=\"application\/ld+json\" class=\"yoast-schema-graph\">{\"@context\":\"https:\\\/\\\/schema.org\",\"@graph\":[{\"@type\":\"WebPage\",\"@id\":\"https:\\\/\\\/seagardengrado.com\\\/de\\\/kontakt\\\/\",\"url\":\"https:\\\/\\\/seagardengrado.com\\\/de\\\/kontakt\\\/\",\"name\":\"Kontakt - Sea Garden - Apartments &amp; Room - Affitta Camere a Grado\",\"isPartOf\":{\"@id\":\"https:\\\/\\\/seagardengrado.com\\\/#website\"},\"datePublished\":\"2023-05-04T12:30:19+00:00\",\"dateModified\":\"2023-07-21T15:08:11+00:00\",\"breadcrumb\":{\"@id\":\"https:\\\/\\\/seagardengrado.com\\\/de\\\/kontakt\\\/#breadcrumb\"},\"inLanguage\":\"de\",\"potentialAction\":[{\"@type\":\"ReadAction\",\"target\":[\"https:\\\/\\\/seagardengrado.com\\\/de\\\/kontakt\\\/\"]}]},{\"@type\":\"BreadcrumbList\",\"@id\":\"https:\\\/\\\/seagardengrado.com\\\/de\\\/kontakt\\\/#breadcrumb\",\"itemListElement\":[{\"@type\":\"ListItem\",\"position\":1,\"name\":\"Home\",\"item\":\"https:\\\/\\\/seagardengrado.com\\\/\"},{\"@type\":\"ListItem\",\"position\":2,\"name\":\"Kontakt\"}]},{\"@type\":\"WebSite\",\"@id\":\"https:\\\/\\\/seagardengrado.com\\\/#website\",\"url\":\"https:\\\/\\\/seagardengrado.com\\\/\",\"name\":\"Sea Garden - Apartments e Room a Grado\",\"description\":\"Per un soggiorno unico e indimenticabile a Grado\",\"publisher\":{\"@id\":\"https:\\\/\\\/seagardengrado.com\\\/#organization\"},\"potentialAction\":[{\"@type\":\"SearchAction\",\"target\":{\"@type\":\"EntryPoint\",\"urlTemplate\":\"https:\\\/\\\/seagardengrado.com\\\/?s={search_term_string}\"},\"query-input\":{\"@type\":\"PropertyValueSpecification\",\"valueRequired\":true,\"valueName\":\"search_term_string\"}}],\"inLanguage\":\"de\"},{\"@type\":\"Organization\",\"@id\":\"https:\\\/\\\/seagardengrado.com\\\/#organization\",\"name\":\"Sea Garden - Apartments e Room a Grado\",\"url\":\"https:\\\/\\\/seagardengrado.com\\\/\",\"logo\":{\"@type\":\"ImageObject\",\"inLanguage\":\"de\",\"@id\":\"https:\\\/\\\/seagardengrado.com\\\/#\\\/schema\\\/logo\\\/image\\\/\",\"url\":\"https:\\\/\\\/seagardengrado.com\\\/wp-content\\\/uploads\\\/2023\\\/05\\\/favicon-seagarden.png\",\"contentUrl\":\"https:\\\/\\\/seagardengrado.com\\\/wp-content\\\/uploads\\\/2023\\\/05\\\/favicon-seagarden.png\",\"width\":699,\"height\":698,\"caption\":\"Sea Garden - Apartments e Room a Grado\"},\"image\":{\"@id\":\"https:\\\/\\\/seagardengrado.com\\\/#\\\/schema\\\/logo\\\/image\\\/\"},\"sameAs\":[\"https:\\\/\\\/www.facebook.com\\\/seagarden.grado\",\"https:\\\/\\\/www.instagram.com\\\/seagarden.grado\\\/\"]}]}<\/script>\n<!-- \/ Yoast SEO plugin. -->","yoast_head_json":{"title":"Kontakt - Sea Garden - Apartments &amp; Room - Affitta Camere a Grado","robots":{"index":"index","follow":"follow","max-snippet":"max-snippet:-1","max-image-preview":"max-image-preview:large","max-video-preview":"max-video-preview:-1"},"canonical":"https:\/\/seagardengrado.com\/de\/kontakt\/","og_locale":"de_DE","og_type":"article","og_title":"Kontakt - Sea Garden - Apartments &amp; Room - Affitta Camere a Grado","og_description":"Sea Garden \u2013 Apartments &amp; Rooms Schreiben Sie an info@seagardengrado.com Rufen Sie an unter +39 327 105 4475 Wir sind in der Via Manzoni 11 &#8211; 34073 Grado, Italy Informationen und Buchung F\u00fcllen Sie das Formular aus oder schreiben Sie uns \u00fcber Whatsapp. +39 327 105 4475, wir werden uns schnellstm\u00f6glich bei Ihnen melden.Hinweis: Diese [&hellip;]","og_url":"https:\/\/seagardengrado.com\/de\/kontakt\/","og_site_name":"Sea Garden - Apartments &amp; Room - Affitta Camere a Grado","article_publisher":"https:\/\/www.facebook.com\/seagarden.grado","article_modified_time":"2023-07-21T15:08:11+00:00","twitter_card":"summary_large_image","twitter_misc":{"Gesch\u00e4tzte Lesezeit":"1\u00a0Minute"},"schema":{"@context":"https:\/\/schema.org","@graph":[{"@type":"WebPage","@id":"https:\/\/seagardengrado.com\/de\/kontakt\/","url":"https:\/\/seagardengrado.com\/de\/kontakt\/","name":"Kontakt - Sea Garden - Apartments &amp; Room - Affitta Camere a Grado","isPartOf":{"@id":"https:\/\/seagardengrado.com\/#website"},"datePublished":"2023-05-04T12:30:19+00:00","dateModified":"2023-07-21T15:08:11+00:00","breadcrumb":{"@id":"https:\/\/seagardengrado.com\/de\/kontakt\/#breadcrumb"},"inLanguage":"de","potentialAction":[{"@type":"ReadAction","target":["https:\/\/seagardengrado.com\/de\/kontakt\/"]}]},{"@type":"BreadcrumbList","@id":"https:\/\/seagardengrado.com\/de\/kontakt\/#breadcrumb","itemListElement":[{"@type":"ListItem","position":1,"name":"Home","item":"https:\/\/seagardengrado.com\/"},{"@type":"ListItem","position":2,"name":"Kontakt"}]},{"@type":"WebSite","@id":"https:\/\/seagardengrado.com\/#website","url":"https:\/\/seagardengrado.com\/","name":"Sea Garden - Apartments e Room a Grado","description":"Per un soggiorno unico e indimenticabile a Grado","publisher":{"@id":"https:\/\/seagardengrado.com\/#organization"},"potentialAction":[{"@type":"SearchAction","target":{"@type":"EntryPoint","urlTemplate":"https:\/\/seagardengrado.com\/?s={search_term_string}"},"query-input":{"@type":"PropertyValueSpecification","valueRequired":true,"valueName":"search_term_string"}}],"inLanguage":"de"},{"@type":"Organization","@id":"https:\/\/seagardengrado.com\/#organization","name":"Sea Garden - Apartments e Room a Grado","url":"https:\/\/seagardengrado.com\/","logo":{"@type":"ImageObject","inLanguage":"de","@id":"https:\/\/seagardengrado.com\/#\/schema\/logo\/image\/","url":"https:\/\/seagardengrado.com\/wp-content\/uploads\/2023\/05\/favicon-seagarden.png","contentUrl":"https:\/\/seagardengrado.com\/wp-content\/uploads\/2023\/05\/favicon-seagarden.png","width":699,"height":698,"caption":"Sea Garden - Apartments e Room a Grado"},"image":{"@id":"https:\/\/seagardengrado.com\/#\/schema\/logo\/image\/"},"sameAs":["https:\/\/www.facebook.com\/seagarden.grado","https:\/\/www.instagram.com\/seagarden.grado\/"]}]}},"_links":{"self":[{"href":"https:\/\/seagardengrado.com\/de\/wp-json\/wp\/v2\/pages\/6011","targetHints":{"allow":["GET"]}}],"collection":[{"href":"https:\/\/seagardengrado.com\/de\/wp-json\/wp\/v2\/pages"}],"about":[{"href":"https:\/\/seagardengrado.com\/de\/wp-json\/wp\/v2\/types\/page"}],"author":[{"embeddable":true,"href":"https:\/\/seagardengrado.com\/de\/wp-json\/wp\/v2\/users\/1"}],"replies":[{"embeddable":true,"href":"https:\/\/seagardengrado.com\/de\/wp-json\/wp\/v2\/comments?post=6011"}],"version-history":[{"count":1,"href":"https:\/\/seagardengrado.com\/de\/wp-json\/wp\/v2\/pages\/6011\/revisions"}],"predecessor-version":[{"id":6012,"href":"https:\/\/seagardengrado.com\/de\/wp-json\/wp\/v2\/pages\/6011\/revisions\/6012"}],"wp:attachment":[{"href":"https:\/\/seagardengrado.com\/de\/wp-json\/wp\/v2\/media?parent=6011"}],"curies":[{"name":"wp","href":"https:\/\/api.w.org\/{rel}","templated":true}]}}